{"id":208,"date":"2026-02-22T00:06:59","date_gmt":"2026-02-22T08:06:59","guid":{"rendered":"https:\/\/redmtes.ca\/?page_id=208"},"modified":"2026-04-10T19:45:26","modified_gmt":"2026-04-11T02:45:26","slug":"testimonials","status":"publish","type":"page","link":"https:\/\/redmtes.ca\/nl\/testimonials\/","title":{"rendered":"Testimonials"},"content":{"rendered":"","protected":false},"excerpt":{"rendered":"","protected":false},"author":3,"featured_media":123,"parent":0,"menu_order":0,"comment_status":"closed","ping_status":"closed","template":"testimonials.php","meta":{"_acf_changed":false,"footnotes":""},"class_list":["post-208","page","type-page","status-publish","has-post-thumbnail","hentry"],"acf":[],"yoast_head":"<!-- This site is optimized with the Yoast SEO plugin v27.3 - https:\/\/yoast.com\/product\/yoast-seo-wordpress\/ -->\n<title>Testimonials - Red Moose Translation &amp; Employment Services<\/title>\n<meta name=\"description\" content=\"Robert, vertalen van documenten, immigratie, internationale adoptie, reageert snel, communiceert duidelijk, vertalingen vlot aanleveren, vertalingen zorgvuldig aanleveren, soepel proces, ingewikkelde asielprocedure, uitzoeken welke delen van de documenten vertaald moesten worden, mijn cli\u00ebnt ontzettend veel geld bespaard, mijn cli\u00ebnt moed gegeven, mijn cli\u00ebnt hoop gegeven, nieuwe start in Canada, juridische vertaling, Canadese instantie, dacht mee, verzorgde de binnenlandse verzending, onze cli\u00ebnt, vermeed een reis naar Canada, met alle kosten van dien, supergoed geholpen, enorm ingezet voor mijn cli\u00ebnten, willen helpen, gevoel van menselijke waardigheid, letterlijk onbetaalbaar gebaar, figuurlijk onbetaalbaar gebaar, PR-aanvraag, be\u00ebdigde vertaling van onze documenten, duidelijk in de communicatie, leverde kwaliteit, was snel, een aanrader verstand heeft van zaken, professioneel, denkt mee, komt de gemaakte afspraken op tijd na\" \/>\n<meta name=\"robots\" content=\"index, follow, max-snippet:-1, max-image-preview:large, max-video-preview:-1\" \/>\n<link rel=\"canonical\" href=\"https:\/\/redmtes.ca\/nl\/testimonials\/\" \/>\n<meta property=\"og:locale\" content=\"nl_NL\" \/>\n<meta property=\"og:type\" content=\"article\" \/>\n<meta property=\"og:title\" content=\"Testimonials - Red Moose Translation &amp; Employment Services\" \/>\n<meta property=\"og:description\" content=\"Robert, vertalen van documenten, immigratie, internationale adoptie, reageert snel, communiceert duidelijk, vertalingen vlot aanleveren, vertalingen zorgvuldig aanleveren, soepel proces, ingewikkelde asielprocedure, uitzoeken welke delen van de documenten vertaald moesten worden, mijn cli\u00ebnt ontzettend veel geld bespaard, mijn cli\u00ebnt moed gegeven, mijn cli\u00ebnt hoop gegeven, nieuwe start in Canada, juridische vertaling, Canadese instantie, dacht mee, verzorgde de binnenlandse verzending, onze cli\u00ebnt, vermeed een reis naar Canada, met alle kosten van dien, supergoed geholpen, enorm ingezet voor mijn cli\u00ebnten, willen helpen, gevoel van menselijke waardigheid, letterlijk onbetaalbaar gebaar, figuurlijk onbetaalbaar gebaar, PR-aanvraag, be\u00ebdigde vertaling van onze documenten, duidelijk in de communicatie, leverde kwaliteit, was snel, een aanrader verstand heeft van zaken, professioneel, denkt mee, komt de gemaakte afspraken op tijd na\" \/>\n<meta property=\"og:url\" content=\"https:\/\/redmtes.ca\/nl\/testimonials\/\" \/>\n<meta property=\"og:site_name\" content=\"Red Moose Translation &amp; Employment Services\" \/>\n<meta property=\"article:modified_time\" content=\"2026-04-11T02:45:26+00:00\" \/>\n<meta property=\"og:image\" content=\"https:\/\/redmtes.ca\/wp-content\/uploads\/2026\/02\/Okanagan_Lake_View_02.png\" \/>\n\t<meta property=\"og:image:width\" content=\"1170\" \/>\n\t<meta property=\"og:image:height\" content=\"600\" \/>\n\t<meta property=\"og:image:type\" content=\"image\/png\" \/>\n<meta name=\"twitter:card\" content=\"summary_large_image\" \/>\n<meta name=\"twitter:label1\" content=\"Geschatte leestijd\" \/>\n\t<meta name=\"twitter:data1\" content=\"1 minuut\" \/>\n<script type=\"application\/ld+json\" class=\"yoast-schema-graph\">{\"@context\":\"https:\\\/\\\/schema.org\",\"@graph\":[{\"@type\":\"WebPage\",\"@id\":\"https:\\\/\\\/redmtes.ca\\\/nl\\\/testimonials\\\/\",\"url\":\"https:\\\/\\\/redmtes.ca\\\/nl\\\/testimonials\\\/\",\"name\":\"Testimonials - Red Moose Translation &amp; Employment Services\",\"isPartOf\":{\"@id\":\"https:\\\/\\\/redmtes.ca\\\/nl\\\/#website\"},\"primaryImageOfPage\":{\"@id\":\"https:\\\/\\\/redmtes.ca\\\/nl\\\/testimonials\\\/#primaryimage\"},\"image\":{\"@id\":\"https:\\\/\\\/redmtes.ca\\\/nl\\\/testimonials\\\/#primaryimage\"},\"thumbnailUrl\":\"https:\\\/\\\/redmtes.ca\\\/wp-content\\\/uploads\\\/2026\\\/02\\\/Okanagan_Lake_View_02.png\",\"datePublished\":\"2026-02-22T08:06:59+00:00\",\"dateModified\":\"2026-04-11T02:45:26+00:00\",\"description\":\"Robert, vertalen van documenten, immigratie, internationale adoptie, reageert snel, communiceert duidelijk, vertalingen vlot aanleveren, vertalingen zorgvuldig aanleveren, soepel proces, ingewikkelde asielprocedure, uitzoeken welke delen van de documenten vertaald moesten worden, mijn cli\u00ebnt ontzettend veel geld bespaard, mijn cli\u00ebnt moed gegeven, mijn cli\u00ebnt hoop gegeven, nieuwe start in Canada, juridische vertaling, Canadese instantie, dacht mee, verzorgde de binnenlandse verzending, onze cli\u00ebnt, vermeed een reis naar Canada, met alle kosten van dien, supergoed geholpen, enorm ingezet voor mijn cli\u00ebnten, willen helpen, gevoel van menselijke waardigheid, letterlijk onbetaalbaar gebaar, figuurlijk onbetaalbaar gebaar, PR-aanvraag, be\u00ebdigde vertaling van onze documenten, duidelijk in de communicatie, leverde kwaliteit, was snel, een aanrader verstand heeft van zaken, professioneel, denkt mee, komt de gemaakte afspraken op tijd na\",\"breadcrumb\":{\"@id\":\"https:\\\/\\\/redmtes.ca\\\/nl\\\/testimonials\\\/#breadcrumb\"},\"inLanguage\":\"nl-NL\",\"potentialAction\":[{\"@type\":\"ReadAction\",\"target\":[\"https:\\\/\\\/redmtes.ca\\\/nl\\\/testimonials\\\/\"]}]},{\"@type\":\"ImageObject\",\"inLanguage\":\"nl-NL\",\"@id\":\"https:\\\/\\\/redmtes.ca\\\/nl\\\/testimonials\\\/#primaryimage\",\"url\":\"https:\\\/\\\/redmtes.ca\\\/wp-content\\\/uploads\\\/2026\\\/02\\\/Okanagan_Lake_View_02.png\",\"contentUrl\":\"https:\\\/\\\/redmtes.ca\\\/wp-content\\\/uploads\\\/2026\\\/02\\\/Okanagan_Lake_View_02.png\",\"width\":1170,\"height\":600},{\"@type\":\"BreadcrumbList\",\"@id\":\"https:\\\/\\\/redmtes.ca\\\/nl\\\/testimonials\\\/#breadcrumb\",\"itemListElement\":[{\"@type\":\"ListItem\",\"position\":1,\"name\":\"Home\",\"item\":\"https:\\\/\\\/redmtes.ca\\\/nl\\\/\"},{\"@type\":\"ListItem\",\"position\":2,\"name\":\"Testimonials\"}]},{\"@type\":\"WebSite\",\"@id\":\"https:\\\/\\\/redmtes.ca\\\/nl\\\/#website\",\"url\":\"https:\\\/\\\/redmtes.ca\\\/nl\\\/\",\"name\":\"Red Moose Translation & Employment Services\",\"description\":\"Helping Clients achieve their Canadian Dreams\",\"publisher\":{\"@id\":\"https:\\\/\\\/redmtes.ca\\\/nl\\\/#organization\"},\"potentialAction\":[{\"@type\":\"SearchAction\",\"target\":{\"@type\":\"EntryPoint\",\"urlTemplate\":\"https:\\\/\\\/redmtes.ca\\\/nl\\\/?s={search_term_string}\"},\"query-input\":{\"@type\":\"PropertyValueSpecification\",\"valueRequired\":true,\"valueName\":\"search_term_string\"}}],\"inLanguage\":\"nl-NL\"},{\"@type\":\"Organization\",\"@id\":\"https:\\\/\\\/redmtes.ca\\\/nl\\\/#organization\",\"name\":\"Red Moose Translation & Employment Services\",\"url\":\"https:\\\/\\\/redmtes.ca\\\/nl\\\/\",\"logo\":{\"@type\":\"ImageObject\",\"inLanguage\":\"nl-NL\",\"@id\":\"https:\\\/\\\/redmtes.ca\\\/nl\\\/#\\\/schema\\\/logo\\\/image\\\/\",\"url\":\"https:\\\/\\\/redmtes.ca\\\/wp-content\\\/uploads\\\/2026\\\/03\\\/Logo.png\",\"contentUrl\":\"https:\\\/\\\/redmtes.ca\\\/wp-content\\\/uploads\\\/2026\\\/03\\\/Logo.png\",\"width\":703,\"height\":633,\"caption\":\"Red Moose Translation & Employment Services\"},\"image\":{\"@id\":\"https:\\\/\\\/redmtes.ca\\\/nl\\\/#\\\/schema\\\/logo\\\/image\\\/\"}}]}<\/script>\n<!-- \/ Yoast SEO plugin. -->","yoast_head_json":{"title":"Testimonials - Red Moose Translation &amp; Employment Services","description":"Robert, vertalen van documenten, immigratie, internationale adoptie, reageert snel, communiceert duidelijk, vertalingen vlot aanleveren, vertalingen zorgvuldig aanleveren, soepel proces, ingewikkelde asielprocedure, uitzoeken welke delen van de documenten vertaald moesten worden, mijn cli\u00ebnt ontzettend veel geld bespaard, mijn cli\u00ebnt moed gegeven, mijn cli\u00ebnt hoop gegeven, nieuwe start in Canada, juridische vertaling, Canadese instantie, dacht mee, verzorgde de binnenlandse verzending, onze cli\u00ebnt, vermeed een reis naar Canada, met alle kosten van dien, supergoed geholpen, enorm ingezet voor mijn cli\u00ebnten, willen helpen, gevoel van menselijke waardigheid, letterlijk onbetaalbaar gebaar, figuurlijk onbetaalbaar gebaar, PR-aanvraag, be\u00ebdigde vertaling van onze documenten, duidelijk in de communicatie, leverde kwaliteit, was snel, een aanrader verstand heeft van zaken, professioneel, denkt mee, komt de gemaakte afspraken op tijd na","robots":{"index":"index","follow":"follow","max-snippet":"max-snippet:-1","max-image-preview":"max-image-preview:large","max-video-preview":"max-video-preview:-1"},"canonical":"https:\/\/redmtes.ca\/nl\/testimonials\/","og_locale":"nl_NL","og_type":"article","og_title":"Testimonials - Red Moose Translation &amp; Employment Services","og_description":"Robert, vertalen van documenten, immigratie, internationale adoptie, reageert snel, communiceert duidelijk, vertalingen vlot aanleveren, vertalingen zorgvuldig aanleveren, soepel proces, ingewikkelde asielprocedure, uitzoeken welke delen van de documenten vertaald moesten worden, mijn cli\u00ebnt ontzettend veel geld bespaard, mijn cli\u00ebnt moed gegeven, mijn cli\u00ebnt hoop gegeven, nieuwe start in Canada, juridische vertaling, Canadese instantie, dacht mee, verzorgde de binnenlandse verzending, onze cli\u00ebnt, vermeed een reis naar Canada, met alle kosten van dien, supergoed geholpen, enorm ingezet voor mijn cli\u00ebnten, willen helpen, gevoel van menselijke waardigheid, letterlijk onbetaalbaar gebaar, figuurlijk onbetaalbaar gebaar, PR-aanvraag, be\u00ebdigde vertaling van onze documenten, duidelijk in de communicatie, leverde kwaliteit, was snel, een aanrader verstand heeft van zaken, professioneel, denkt mee, komt de gemaakte afspraken op tijd na","og_url":"https:\/\/redmtes.ca\/nl\/testimonials\/","og_site_name":"Red Moose Translation &amp; Employment Services","article_modified_time":"2026-04-11T02:45:26+00:00","og_image":[{"width":1170,"height":600,"url":"https:\/\/redmtes.ca\/wp-content\/uploads\/2026\/02\/Okanagan_Lake_View_02.png","type":"image\/png"}],"twitter_card":"summary_large_image","twitter_misc":{"Geschatte leestijd":"1 minuut"},"schema":{"@context":"https:\/\/schema.org","@graph":[{"@type":"WebPage","@id":"https:\/\/redmtes.ca\/nl\/testimonials\/","url":"https:\/\/redmtes.ca\/nl\/testimonials\/","name":"Testimonials - Red Moose Translation &amp; Employment Services","isPartOf":{"@id":"https:\/\/redmtes.ca\/nl\/#website"},"primaryImageOfPage":{"@id":"https:\/\/redmtes.ca\/nl\/testimonials\/#primaryimage"},"image":{"@id":"https:\/\/redmtes.ca\/nl\/testimonials\/#primaryimage"},"thumbnailUrl":"https:\/\/redmtes.ca\/wp-content\/uploads\/2026\/02\/Okanagan_Lake_View_02.png","datePublished":"2026-02-22T08:06:59+00:00","dateModified":"2026-04-11T02:45:26+00:00","description":"Robert, vertalen van documenten, immigratie, internationale adoptie, reageert snel, communiceert duidelijk, vertalingen vlot aanleveren, vertalingen zorgvuldig aanleveren, soepel proces, ingewikkelde asielprocedure, uitzoeken welke delen van de documenten vertaald moesten worden, mijn cli\u00ebnt ontzettend veel geld bespaard, mijn cli\u00ebnt moed gegeven, mijn cli\u00ebnt hoop gegeven, nieuwe start in Canada, juridische vertaling, Canadese instantie, dacht mee, verzorgde de binnenlandse verzending, onze cli\u00ebnt, vermeed een reis naar Canada, met alle kosten van dien, supergoed geholpen, enorm ingezet voor mijn cli\u00ebnten, willen helpen, gevoel van menselijke waardigheid, letterlijk onbetaalbaar gebaar, figuurlijk onbetaalbaar gebaar, PR-aanvraag, be\u00ebdigde vertaling van onze documenten, duidelijk in de communicatie, leverde kwaliteit, was snel, een aanrader verstand heeft van zaken, professioneel, denkt mee, komt de gemaakte afspraken op tijd na","breadcrumb":{"@id":"https:\/\/redmtes.ca\/nl\/testimonials\/#breadcrumb"},"inLanguage":"nl-NL","potentialAction":[{"@type":"ReadAction","target":["https:\/\/redmtes.ca\/nl\/testimonials\/"]}]},{"@type":"ImageObject","inLanguage":"nl-NL","@id":"https:\/\/redmtes.ca\/nl\/testimonials\/#primaryimage","url":"https:\/\/redmtes.ca\/wp-content\/uploads\/2026\/02\/Okanagan_Lake_View_02.png","contentUrl":"https:\/\/redmtes.ca\/wp-content\/uploads\/2026\/02\/Okanagan_Lake_View_02.png","width":1170,"height":600},{"@type":"BreadcrumbList","@id":"https:\/\/redmtes.ca\/nl\/testimonials\/#breadcrumb","itemListElement":[{"@type":"ListItem","position":1,"name":"Home","item":"https:\/\/redmtes.ca\/nl\/"},{"@type":"ListItem","position":2,"name":"Testimonials"}]},{"@type":"WebSite","@id":"https:\/\/redmtes.ca\/nl\/#website","url":"https:\/\/redmtes.ca\/nl\/","name":"Red Moose Translation & Employment Services","description":"Helping Clients achieve their Canadian Dreams","publisher":{"@id":"https:\/\/redmtes.ca\/nl\/#organization"},"potentialAction":[{"@type":"SearchAction","target":{"@type":"EntryPoint","urlTemplate":"https:\/\/redmtes.ca\/nl\/?s={search_term_string}"},"query-input":{"@type":"PropertyValueSpecification","valueRequired":true,"valueName":"search_term_string"}}],"inLanguage":"nl-NL"},{"@type":"Organization","@id":"https:\/\/redmtes.ca\/nl\/#organization","name":"Red Moose Translation & Employment Services","url":"https:\/\/redmtes.ca\/nl\/","logo":{"@type":"ImageObject","inLanguage":"nl-NL","@id":"https:\/\/redmtes.ca\/nl\/#\/schema\/logo\/image\/","url":"https:\/\/redmtes.ca\/wp-content\/uploads\/2026\/03\/Logo.png","contentUrl":"https:\/\/redmtes.ca\/wp-content\/uploads\/2026\/03\/Logo.png","width":703,"height":633,"caption":"Red Moose Translation & Employment Services"},"image":{"@id":"https:\/\/redmtes.ca\/nl\/#\/schema\/logo\/image\/"}}]}},"_links":{"self":[{"href":"https:\/\/redmtes.ca\/nl\/wp-json\/wp\/v2\/pages\/208","targetHints":{"allow":["GET"]}}],"collection":[{"href":"https:\/\/redmtes.ca\/nl\/wp-json\/wp\/v2\/pages"}],"about":[{"href":"https:\/\/redmtes.ca\/nl\/wp-json\/wp\/v2\/types\/page"}],"author":[{"embeddable":true,"href":"https:\/\/redmtes.ca\/nl\/wp-json\/wp\/v2\/users\/3"}],"replies":[{"embeddable":true,"href":"https:\/\/redmtes.ca\/nl\/wp-json\/wp\/v2\/comments?post=208"}],"version-history":[{"count":1,"href":"https:\/\/redmtes.ca\/nl\/wp-json\/wp\/v2\/pages\/208\/revisions"}],"predecessor-version":[{"id":212,"href":"https:\/\/redmtes.ca\/nl\/wp-json\/wp\/v2\/pages\/208\/revisions\/212"}],"wp:featuredmedia":[{"embeddable":true,"href":"https:\/\/redmtes.ca\/nl\/wp-json\/wp\/v2\/media\/123"}],"wp:attachment":[{"href":"https:\/\/redmtes.ca\/nl\/wp-json\/wp\/v2\/media?parent=208"}],"curies":[{"name":"wp","href":"https:\/\/api.w.org\/{rel}","templated":true}]}}